{"id":7,"date":"2026-01-01T13:21:36","date_gmt":"2026-01-01T13:21:36","guid":{"rendered":"https:\/\/flordecerezodanse.fr\/?page_id=7"},"modified":"2026-02-27T15:42:29","modified_gmt":"2026-02-27T15:42:29","slug":"accueil","status":"publish","type":"page","link":"https:\/\/flordecerezodanse.fr\/","title":{"rendered":"Accueil"},"content":{"rendered":"\t\t<div data-elementor-type=\"wp-post\" data-elementor-id=\"7\" class=\"elementor elementor-7\" data-elementor-post-type=\"page\">\n\t\t\t\t<div class=\"elementor-element elementor-element-e7482b5 e-flex e-con-boxed e-con e-parent\" data-id=\"e7482b5\" data-element_type=\"container\" data-settings=\"{&quot;background_background&quot;:&quot;classic&quot;}\">\n\t\t\t\t\t<div class=\"e-con-inner\">\n\t\t<div class=\"elementor-element elementor-element-2646cae e-con-full e-flex e-con e-child\" data-id=\"2646cae\" data-element_type=\"container\">\n\t\t\t\t<div class=\"elementor-element elementor-element-2fceb83 elementor-widget elementor-widget-heading\" data-id=\"2fceb83\" data-element_type=\"widget\" data-widget_type=\"heading.default\">\n\t\t\t\t\t<p class=\"elementor-heading-title elementor-size-default\">Flor de Cerezo<\/p>\t\t\t\t<\/div>\n\t\t\t\t<div class=\"elementor-element elementor-element-78af366 elementor-widget elementor-widget-heading\" data-id=\"78af366\" data-element_type=\"widget\" data-widget_type=\"heading.default\">\n\t\t\t\t\t<h1 class=\"elementor-heading-title elementor-size-default\">Tango et danse adapt\u00e9e<\/h1>\t\t\t\t<\/div>\n\t\t\t\t<\/div>\n\t\t\t\t<div class=\"elementor-element elementor-element-bf6f9d4 elementor-view-default elementor-widget elementor-widget-icon\" data-id=\"bf6f9d4\" data-element_type=\"widget\" data-widget_type=\"icon.default\">\n\t\t\t\t\t\t\t<div class=\"elementor-icon-wrapper\">\n\t\t\t<a class=\"elementor-icon\" href=\"#section1\">\n\t\t\t<svg aria-hidden=\"true\" class=\"e-font-icon-svg e-fas-arrow-down\" viewBox=\"0 0 448 512\" xmlns=\"http:\/\/www.w3.org\/2000\/svg\"><path d=\"M413.1 222.5l22.2 22.2c9.4 9.4 9.4 24.6 0 33.9L241 473c-9.4 9.4-24.6 9.4-33.9 0L12.7 278.6c-9.4-9.4-9.4-24.6 0-33.9l22.2-22.2c9.5-9.5 25-9.3 34.3.4L184 343.4V56c0-13.3 10.7-24 24-24h32c13.3 0 24 10.7 24 24v287.4l114.8-120.5c9.3-9.8 24.8-10 34.3-.4z\"><\/path><\/svg>\t\t\t<\/a>\n\t\t<\/div>\n\t\t\t\t\t\t<\/div>\n\t\t\t\t\t<\/div>\n\t\t\t\t<\/div>\n\t\t<div class=\"elementor-element elementor-element-20df4da e-flex e-con-boxed e-con e-parent\" data-id=\"20df4da\" data-element_type=\"container\" id=\"section1\">\n\t\t\t\t\t<div class=\"e-con-inner\">\n\t\t\t\t<div class=\"elementor-element elementor-element-95b8e5c elementor-widget elementor-widget-heading\" data-id=\"95b8e5c\" data-element_type=\"widget\" data-widget_type=\"heading.default\">\n\t\t\t\t\t<h2 class=\"elementor-heading-title elementor-size-default\">Bouger ensemble, c\u2019est se d\u00e9couvrir autrement<\/h2>\t\t\t\t<\/div>\n\t\t<div class=\"elementor-element elementor-element-d00834e e-con-full e-flex e-con e-child\" data-id=\"d00834e\" data-element_type=\"container\">\n\t\t<div class=\"elementor-element elementor-element-61ae1b2 e-con-full e-flex e-con e-child\" data-id=\"61ae1b2\" data-element_type=\"container\">\n\t\t<div class=\"elementor-element elementor-element-ab71672 e-con-full e-flex e-con e-child\" data-id=\"ab71672\" data-element_type=\"container\">\n\t\t\t\t<div class=\"elementor-element elementor-element-48fff90 elementor-widget elementor-widget-image\" data-id=\"48fff90\" data-element_type=\"widget\" data-widget_type=\"image.default\">\n\t\t\t\t\t\t\t\t\t\t\t\t\t\t\t<img fetchpriority=\"high\" decoding=\"async\" width=\"512\" height=\"512\" src=\"https:\/\/flordecerezodanse.fr\/wp-content\/uploads\/2026\/02\/jive-icon-746529-512.png\" class=\"attachment-large size-large wp-image-166\" alt=\"\" srcset=\"https:\/\/flordecerezodanse.fr\/wp-content\/uploads\/2026\/02\/jive-icon-746529-512.png 512w, https:\/\/flordecerezodanse.fr\/wp-content\/uploads\/2026\/02\/jive-icon-746529-512-300x300.png 300w, https:\/\/flordecerezodanse.fr\/wp-content\/uploads\/2026\/02\/jive-icon-746529-512-150x150.png 150w\" sizes=\"(max-width: 512px) 100vw, 512px\" \/>\t\t\t\t\t\t\t\t\t\t\t\t\t\t\t<\/div>\n\t\t\t\t<div class=\"elementor-element elementor-element-4cb87f8 elementor-widget elementor-widget-heading\" data-id=\"4cb87f8\" data-element_type=\"widget\" data-widget_type=\"heading.default\">\n\t\t\t\t\t<p class=\"elementor-heading-title elementor-size-default\">Cours de tango<\/p>\t\t\t\t<\/div>\n\t\t\t\t<div class=\"elementor-element elementor-element-dfebfe0 elementor-widget elementor-widget-text-editor\" data-id=\"dfebfe0\" data-element_type=\"widget\" data-widget_type=\"text-editor.default\">\n\t\t\t\t\t\t\t\t\t<p>Pour couple, leader seul.e, follower seul.e du niveau d\u00e9butant \u00e0 avanc\u00e9. Cours techniques et embellissements<\/p>\t\t\t\t\t\t\t\t<\/div>\n\t\t\t\t<\/div>\n\t\t<div class=\"elementor-element elementor-element-ad34594 e-con-full e-flex e-con e-child\" data-id=\"ad34594\" data-element_type=\"container\">\n\t\t\t\t<div class=\"elementor-element elementor-element-ad37be6 elementor-widget__width-initial elementor-widget elementor-widget-image\" data-id=\"ad37be6\" data-element_type=\"widget\" data-widget_type=\"image.default\">\n\t\t\t\t\t\t\t\t\t\t\t\t\t\t\t<img decoding=\"async\" width=\"512\" height=\"512\" src=\"https:\/\/flordecerezodanse.fr\/wp-content\/uploads\/2026\/02\/dance-icon-746532-512.png\" class=\"attachment-large size-large wp-image-165\" alt=\"\" srcset=\"https:\/\/flordecerezodanse.fr\/wp-content\/uploads\/2026\/02\/dance-icon-746532-512.png 512w, https:\/\/flordecerezodanse.fr\/wp-content\/uploads\/2026\/02\/dance-icon-746532-512-300x300.png 300w, https:\/\/flordecerezodanse.fr\/wp-content\/uploads\/2026\/02\/dance-icon-746532-512-150x150.png 150w\" sizes=\"(max-width: 512px) 100vw, 512px\" \/>\t\t\t\t\t\t\t\t\t\t\t\t\t\t\t<\/div>\n\t\t\t\t<div class=\"elementor-element elementor-element-92164f2 elementor-widget elementor-widget-heading\" data-id=\"92164f2\" data-element_type=\"widget\" data-widget_type=\"heading.default\">\n\t\t\t\t\t<p class=\"elementor-heading-title elementor-size-default\">Danse adapt\u00e9e<\/p>\t\t\t\t<\/div>\n\t\t\t\t<div class=\"elementor-element elementor-element-08f95c6 elementor-widget elementor-widget-text-editor\" data-id=\"08f95c6\" data-element_type=\"widget\" data-widget_type=\"text-editor.default\">\n\t\t\t\t\t\t\t\t\t<p>Pour personnes en situation de handicap et personnes \u00e2g\u00e9es<\/p>\t\t\t\t\t\t\t\t<\/div>\n\t\t\t\t<\/div>\n\t\t<div class=\"elementor-element elementor-element-b5c2652 e-con-full e-flex e-con e-child\" data-id=\"b5c2652\" data-element_type=\"container\">\n\t\t\t\t<div class=\"elementor-element elementor-element-74bd358 elementor-widget elementor-widget-image\" data-id=\"74bd358\" data-element_type=\"widget\" data-widget_type=\"image.default\">\n\t\t\t\t\t\t\t\t\t\t\t\t\t\t\t<img decoding=\"async\" width=\"512\" height=\"512\" src=\"https:\/\/flordecerezodanse.fr\/wp-content\/uploads\/2026\/02\/ballet-icon-746538-512.png\" class=\"attachment-large size-large wp-image-162\" alt=\"\" srcset=\"https:\/\/flordecerezodanse.fr\/wp-content\/uploads\/2026\/02\/ballet-icon-746538-512.png 512w, https:\/\/flordecerezodanse.fr\/wp-content\/uploads\/2026\/02\/ballet-icon-746538-512-300x300.png 300w, https:\/\/flordecerezodanse.fr\/wp-content\/uploads\/2026\/02\/ballet-icon-746538-512-150x150.png 150w\" sizes=\"(max-width: 512px) 100vw, 512px\" \/>\t\t\t\t\t\t\t\t\t\t\t\t\t\t\t<\/div>\n\t\t\t\t<div class=\"elementor-element elementor-element-4a41d51 elementor-widget elementor-widget-heading\" data-id=\"4a41d51\" data-element_type=\"widget\" data-widget_type=\"heading.default\">\n\t\t\t\t\t<p class=\"elementor-heading-title elementor-size-default\">\u00c9v\u00e8nementiel Tango<\/p>\t\t\t\t<\/div>\n\t\t\t\t<div class=\"elementor-element elementor-element-186cce4 elementor-widget elementor-widget-text-editor\" data-id=\"186cce4\" data-element_type=\"widget\" data-widget_type=\"text-editor.default\">\n\t\t\t\t\t\t\t\t\t<p>\u00a0Initiations et d\u00e9monstrations de tango argentin pour vos \u00e9v\u00e9nements priv\u00e9s ou professionnels<\/p>\t\t\t\t\t\t\t\t<\/div>\n\t\t\t\t<\/div>\n\t\t\t\t<\/div>\n\t\t<div class=\"elementor-element elementor-element-019d1a7 e-con-full e-flex e-con e-child\" data-id=\"019d1a7\" data-element_type=\"container\">\n\t\t<div class=\"elementor-element elementor-element-a5bf10e e-con-full e-flex e-con e-child\" data-id=\"a5bf10e\" data-element_type=\"container\">\n\t\t\t\t<div class=\"elementor-element elementor-element-7876c40 elementor-widget elementor-widget-image\" data-id=\"7876c40\" data-element_type=\"widget\" data-widget_type=\"image.default\">\n\t\t\t\t\t\t\t\t\t\t\t\t\t\t\t<img loading=\"lazy\" decoding=\"async\" width=\"512\" height=\"512\" src=\"https:\/\/flordecerezodanse.fr\/wp-content\/uploads\/2026\/02\/tango-icon-746528-512.png\" class=\"attachment-large size-large wp-image-164\" alt=\"\" srcset=\"https:\/\/flordecerezodanse.fr\/wp-content\/uploads\/2026\/02\/tango-icon-746528-512.png 512w, https:\/\/flordecerezodanse.fr\/wp-content\/uploads\/2026\/02\/tango-icon-746528-512-300x300.png 300w, https:\/\/flordecerezodanse.fr\/wp-content\/uploads\/2026\/02\/tango-icon-746528-512-150x150.png 150w\" sizes=\"(max-width: 512px) 100vw, 512px\" \/>\t\t\t\t\t\t\t\t\t\t\t\t\t\t\t<\/div>\n\t\t\t\t<div class=\"elementor-element elementor-element-82fbaab elementor-widget elementor-widget-heading\" data-id=\"82fbaab\" data-element_type=\"widget\" data-widget_type=\"heading.default\">\n\t\t\t\t\t<p class=\"elementor-heading-title elementor-size-default\">Chor\u00e9graphie de mariage<\/p>\t\t\t\t<\/div>\n\t\t\t\t<div class=\"elementor-element elementor-element-db54084 elementor-widget elementor-widget-text-editor\" data-id=\"db54084\" data-element_type=\"widget\" data-widget_type=\"text-editor.default\">\n\t\t\t\t\t\t\t\t\t<p>Tango Argentin ou Valse mais aussi EVJF<\/p>\t\t\t\t\t\t\t\t<\/div>\n\t\t\t\t<\/div>\n\t\t<div class=\"elementor-element elementor-element-bf0dadd e-con-full e-flex e-con e-child\" data-id=\"bf0dadd\" data-element_type=\"container\">\n\t\t\t\t<div class=\"elementor-element elementor-element-6a6a299 elementor-widget__width-initial elementor-widget elementor-widget-image\" data-id=\"6a6a299\" data-element_type=\"widget\" data-widget_type=\"image.default\">\n\t\t\t\t\t\t\t\t\t\t\t\t\t\t\t<img loading=\"lazy\" decoding=\"async\" width=\"512\" height=\"512\" src=\"https:\/\/flordecerezodanse.fr\/wp-content\/uploads\/2026\/02\/ballet-icon-746535-512.png\" class=\"attachment-large size-large wp-image-163\" alt=\"\" srcset=\"https:\/\/flordecerezodanse.fr\/wp-content\/uploads\/2026\/02\/ballet-icon-746535-512.png 512w, https:\/\/flordecerezodanse.fr\/wp-content\/uploads\/2026\/02\/ballet-icon-746535-512-300x300.png 300w, https:\/\/flordecerezodanse.fr\/wp-content\/uploads\/2026\/02\/ballet-icon-746535-512-150x150.png 150w\" sizes=\"(max-width: 512px) 100vw, 512px\" \/>\t\t\t\t\t\t\t\t\t\t\t\t\t\t\t<\/div>\n\t\t\t\t<div class=\"elementor-element elementor-element-1edcd79 elementor-widget elementor-widget-heading\" data-id=\"1edcd79\" data-element_type=\"widget\" data-widget_type=\"heading.default\">\n\t\t\t\t\t<p class=\"elementor-heading-title elementor-size-default\">\u00c9v\u00e8nementiel Folklore<\/p>\t\t\t\t<\/div>\n\t\t\t\t<div class=\"elementor-element elementor-element-6580ea2 elementor-widget elementor-widget-text-editor\" data-id=\"6580ea2\" data-element_type=\"widget\" data-widget_type=\"text-editor.default\">\n\t\t\t\t\t\t\t\t\t<p>Initiations, cours et d\u00e9monstrations de danses folkloriques argentines (Chacarera simple, doble\u2026 Gato, Zamba, Firmeza)<\/p>\t\t\t\t\t\t\t\t<\/div>\n\t\t\t\t<\/div>\n\t\t<div class=\"elementor-element elementor-element-11cf8ad e-con-full e-flex e-con e-child\" data-id=\"11cf8ad\" data-element_type=\"container\">\n\t\t\t\t<div class=\"elementor-element elementor-element-73adfa0 elementor-widget elementor-widget-image\" data-id=\"73adfa0\" data-element_type=\"widget\" data-widget_type=\"image.default\">\n\t\t\t\t\t\t\t\t\t\t\t\t\t\t\t<img loading=\"lazy\" decoding=\"async\" width=\"512\" height=\"512\" src=\"https:\/\/flordecerezodanse.fr\/wp-content\/uploads\/2026\/02\/dance-icon-746531-512.png\" class=\"attachment-large size-large wp-image-161\" alt=\"\" srcset=\"https:\/\/flordecerezodanse.fr\/wp-content\/uploads\/2026\/02\/dance-icon-746531-512.png 512w, https:\/\/flordecerezodanse.fr\/wp-content\/uploads\/2026\/02\/dance-icon-746531-512-300x300.png 300w, https:\/\/flordecerezodanse.fr\/wp-content\/uploads\/2026\/02\/dance-icon-746531-512-150x150.png 150w\" sizes=\"(max-width: 512px) 100vw, 512px\" \/>\t\t\t\t\t\t\t\t\t\t\t\t\t\t\t<\/div>\n\t\t\t\t<div class=\"elementor-element elementor-element-da36297 elementor-widget elementor-widget-heading\" data-id=\"da36297\" data-element_type=\"widget\" data-widget_type=\"heading.default\">\n\t\t\t\t\t<p class=\"elementor-heading-title elementor-size-default\">Team building<\/p>\t\t\t\t<\/div>\n\t\t\t\t<div class=\"elementor-element elementor-element-56932bf elementor-widget elementor-widget-text-editor\" data-id=\"56932bf\" data-element_type=\"widget\" data-widget_type=\"text-editor.default\">\n\t\t\t\t\t\t\t\t\t<p>Pour travailler la coh\u00e9sion d\u2019\u00e9quipe au sein de votre entreprise<\/p>\t\t\t\t\t\t\t\t<\/div>\n\t\t\t\t<\/div>\n\t\t\t\t<\/div>\n\t\t\t\t<\/div>\n\t\t\t\t\t<\/div>\n\t\t\t\t<\/div>\n\t\t<div class=\"elementor-element elementor-element-7fbf4b9 e-flex e-con-boxed e-con e-parent\" data-id=\"7fbf4b9\" data-element_type=\"container\">\n\t\t\t\t\t<div class=\"e-con-inner\">\n\t\t<div class=\"elementor-element elementor-element-ce6d6d6 e-con-full e-flex e-con e-child\" data-id=\"ce6d6d6\" data-element_type=\"container\">\n\t\t\t\t<div class=\"elementor-element elementor-element-8f0bf39 elementor-widget elementor-widget-heading\" data-id=\"8f0bf39\" data-element_type=\"widget\" data-widget_type=\"heading.default\">\n\t\t\t\t\t<h2 class=\"elementor-heading-title elementor-size-default\">Qui suis-je ?<\/h2>\t\t\t\t<\/div>\n\t\t\t\t<div class=\"elementor-element elementor-element-6c596cd elementor-widget elementor-widget-text-editor\" data-id=\"6c596cd\" data-element_type=\"widget\" data-widget_type=\"text-editor.default\">\n\t\t\t\t\t\t\t\t\t<p>Marianne Chareire Cayon, passionn\u00e9e de danse depuis toute petite, j\u2019ai pratiqu\u00e9 intens\u00e9ment la danse classique, contemporaine, moderne jazz ; j\u2019ai \u00e9galement fait de la danse libre Malkovski-Duncan, de la danse escalade et des danses de salon. Je suis tomb\u00e9e amoureuse du Tango Argentin il y a plus de 20 ans et l&rsquo;enseigne depuis 2011 \u00e0 Tango de Soie et dans diverses associations autour de Lyon.<\/p><p>Titulaire d&rsquo;un BPJEPS Danse, corps et voix, la transmission de la danse est ma passion ! Rien ne me fait plus plaisir que trouver le chemin qui permet \u00e0 chacun ou chacune de progresser et d&rsquo;atteindre ses objectifs pour danser en milonga ou briller avec une chor\u00e9graphie pour son mariage.<\/p><p>Je donne des cours collectifs et particuliers en m&rsquo;adaptant facilement aux de-mandes de mes \u00e9l\u00e8ves. Patience et bienveillance sont mes ma\u00eetre-mots en mati\u00e8re de p\u00e9dagogie. Quel que soit votre niveau, pour vous aider \u00e0 progresser, je consid\u00e8re que le plaisir n&rsquo;ex-clut pas l&rsquo;exigence de qualit\u00e9, bien au contraire.<\/p><p>Form\u00e9e en tango aupr\u00e8s de nombreux maestros et maestras \u00e0 Lyon et \u00e0 Buenos Aires, ma p\u00e9dagogie s&rsquo;appuie sur mon exp\u00e9rience tanguera mais aussi sur ma formation en danse classique et contemporaine, jazz et danses de salon.<\/p>\t\t\t\t\t\t\t\t<\/div>\n\t\t\t\t<\/div>\n\t\t<div class=\"elementor-element elementor-element-8ea5f47 e-con-full e-flex e-con e-child\" data-id=\"8ea5f47\" data-element_type=\"container\">\n\t\t\t\t<div class=\"elementor-element elementor-element-6976253 elementor-widget elementor-widget-image\" data-id=\"6976253\" data-element_type=\"widget\" data-widget_type=\"image.default\">\n\t\t\t\t\t\t\t\t\t\t\t\t\t\t\t<img loading=\"lazy\" decoding=\"async\" width=\"1920\" height=\"2178\" src=\"https:\/\/flordecerezodanse.fr\/wp-content\/uploads\/2026\/02\/thumbnail_IMG_76796.jpg\" class=\"attachment-full size-full wp-image-141\" alt=\"\" srcset=\"https:\/\/flordecerezodanse.fr\/wp-content\/uploads\/2026\/02\/thumbnail_IMG_76796.jpg 1920w, https:\/\/flordecerezodanse.fr\/wp-content\/uploads\/2026\/02\/thumbnail_IMG_76796-264x300.jpg 264w, https:\/\/flordecerezodanse.fr\/wp-content\/uploads\/2026\/02\/thumbnail_IMG_76796-903x1024.jpg 903w, https:\/\/flordecerezodanse.fr\/wp-content\/uploads\/2026\/02\/thumbnail_IMG_76796-768x871.jpg 768w, https:\/\/flordecerezodanse.fr\/wp-content\/uploads\/2026\/02\/thumbnail_IMG_76796-1354x1536.jpg 1354w, https:\/\/flordecerezodanse.fr\/wp-content\/uploads\/2026\/02\/thumbnail_IMG_76796-1805x2048.jpg 1805w\" sizes=\"(max-width: 1920px) 100vw, 1920px\" \/>\t\t\t\t\t\t\t\t\t\t\t\t\t\t\t<\/div>\n\t\t\t\t<\/div>\n\t\t\t\t\t<\/div>\n\t\t\t\t<\/div>\n\t\t<div class=\"elementor-element elementor-element-37ce684 e-flex e-con-boxed e-con e-parent\" data-id=\"37ce684\" data-element_type=\"container\">\n\t\t\t\t\t<div class=\"e-con-inner\">\n\t\t\t\t<div class=\"elementor-element elementor-element-e9e6579 elementor-widget elementor-widget-heading\" data-id=\"e9e6579\" data-element_type=\"widget\" data-widget_type=\"heading.default\">\n\t\t\t\t\t<h1 class=\"elementor-heading-title elementor-size-default\">D\u00e9monstration<\/h1>\t\t\t\t<\/div>\n\t\t\t\t<div class=\"elementor-element elementor-element-d217065 elementor-widget elementor-widget-video\" data-id=\"d217065\" data-element_type=\"widget\" data-settings=\"{&quot;youtube_url&quot;:&quot;https:\\\/\\\/www.youtube.com\\\/watch?v=0222SeMGDUI&quot;,&quot;video_type&quot;:&quot;youtube&quot;,&quot;controls&quot;:&quot;yes&quot;}\" data-widget_type=\"video.default\">\n\t\t\t\t\t\t\t<div class=\"elementor-wrapper elementor-open-inline\">\n\t\t\t<div class=\"elementor-video\"><\/div>\t\t<\/div>\n\t\t\t\t\t\t<\/div>\n\t\t\t\t\t<\/div>\n\t\t\t\t<\/div>\n\t\t<div class=\"elementor-element elementor-element-aecce6b e-flex e-con-boxed e-con e-parent\" data-id=\"aecce6b\" data-element_type=\"container\">\n\t\t\t\t\t<div class=\"e-con-inner\">\n\t\t\t\t<div class=\"elementor-element elementor-element-99b16d8 elementor-widget elementor-widget-heading\" data-id=\"99b16d8\" data-element_type=\"widget\" data-widget_type=\"heading.default\">\n\t\t\t\t\t<h2 class=\"elementor-heading-title elementor-size-default\">Contactez-moi<\/h2>\t\t\t\t<\/div>\n\t\t<div class=\"elementor-element elementor-element-73529d7 e-con-full e-flex e-con e-child\" data-id=\"73529d7\" data-element_type=\"container\">\n\t\t\t\t<div class=\"elementor-element elementor-element-eff2ca4 elementor-widget__width-initial elementor-widget elementor-widget-text-editor\" data-id=\"eff2ca4\" data-element_type=\"widget\" data-widget_type=\"text-editor.default\">\n\t\t\t\t\t\t\t\t\t<p>Vous souhaitez que nous travaillions ensemble ?<\/p><p>Pour toute demande d&rsquo;information ou devis n&rsquo;h\u00e9sitez pas \u00e0 me contacter !<\/p>\t\t\t\t\t\t\t\t<\/div>\n\t\t\t\t<div class=\"elementor-element elementor-element-d85c016 elementor-widget__width-initial elementor-button-align-stretch elementor-widget elementor-widget-form\" data-id=\"d85c016\" data-element_type=\"widget\" data-settings=\"{&quot;step_next_label&quot;:&quot;Next&quot;,&quot;step_previous_label&quot;:&quot;Previous&quot;,&quot;button_width&quot;:&quot;100&quot;,&quot;step_type&quot;:&quot;number_text&quot;,&quot;step_icon_shape&quot;:&quot;circle&quot;}\" data-widget_type=\"form.default\">\n\t\t\t\t\t\t\t<form class=\"elementor-form\" method=\"post\" name=\"Contact\" aria-label=\"Contact\">\n\t\t\t<input type=\"hidden\" name=\"post_id\" value=\"7\"\/>\n\t\t\t<input type=\"hidden\" name=\"form_id\" value=\"d85c016\"\/>\n\t\t\t<input type=\"hidden\" name=\"referer_title\" value=\"\" \/>\n\n\t\t\t\t\t\t\t<input type=\"hidden\" name=\"queried_id\" value=\"7\"\/>\n\t\t\t\n\t\t\t<div class=\"elementor-form-fields-wrapper elementor-labels-\">\n\t\t\t\t\t\t\t\t<div class=\"elementor-field-type-text elementor-field-group elementor-column elementor-field-group-name elementor-col-100\">\n\t\t\t\t\t\t\t\t\t\t\t\t<label for=\"form-field-name\" class=\"elementor-field-label elementor-screen-only\">\n\t\t\t\t\t\t\t\tPr\u00e9nom Nom\t\t\t\t\t\t\t<\/label>\n\t\t\t\t\t\t\t\t\t\t\t\t\t\t<input size=\"1\" type=\"text\" name=\"form_fields[name]\" id=\"form-field-name\" class=\"elementor-field elementor-size-sm  elementor-field-textual\" placeholder=\"Pr\u00e9nom Nom\">\n\t\t\t\t\t\t\t\t\t\t\t<\/div>\n\t\t\t\t\t\t\t\t<div class=\"elementor-field-type-email elementor-field-group elementor-column elementor-field-group-email elementor-col-100 elementor-field-required\">\n\t\t\t\t\t\t\t\t\t\t\t\t<label for=\"form-field-email\" class=\"elementor-field-label elementor-screen-only\">\n\t\t\t\t\t\t\t\tEmail\t\t\t\t\t\t\t<\/label>\n\t\t\t\t\t\t\t\t\t\t\t\t\t\t<input size=\"1\" type=\"email\" name=\"form_fields[email]\" id=\"form-field-email\" class=\"elementor-field elementor-size-sm  elementor-field-textual\" placeholder=\"Email\" required=\"required\">\n\t\t\t\t\t\t\t\t\t\t\t<\/div>\n\t\t\t\t\t\t\t\t<div class=\"elementor-field-type-tel elementor-field-group elementor-column elementor-field-group-field_5bb86f6 elementor-col-100\">\n\t\t\t\t\t\t\t\t\t\t\t\t<label for=\"form-field-field_5bb86f6\" class=\"elementor-field-label elementor-screen-only\">\n\t\t\t\t\t\t\t\tT\u00e9l\u00e9phone\t\t\t\t\t\t\t<\/label>\n\t\t\t\t\t\t\t\t<input size=\"1\" type=\"tel\" name=\"form_fields[field_5bb86f6]\" id=\"form-field-field_5bb86f6\" class=\"elementor-field elementor-size-sm  elementor-field-textual\" placeholder=\"T\u00e9l\u00e9phone\" pattern=\"[0-9()#&amp;+*-=.]+\" title=\"Only numbers and phone characters (#, -, *, etc) are accepted.\">\n\n\t\t\t\t\t\t<\/div>\n\t\t\t\t\t\t\t\t<div class=\"elementor-field-type-textarea elementor-field-group elementor-column elementor-field-group-message elementor-col-100\">\n\t\t\t\t\t\t\t\t\t\t\t\t<label for=\"form-field-message\" class=\"elementor-field-label elementor-screen-only\">\n\t\t\t\t\t\t\t\tMessage\t\t\t\t\t\t\t<\/label>\n\t\t\t\t\t\t<textarea class=\"elementor-field-textual elementor-field  elementor-size-sm\" name=\"form_fields[message]\" id=\"form-field-message\" rows=\"4\" placeholder=\"Message\"><\/textarea>\t\t\t\t<\/div>\n\t\t\t\t\t\t\t\t<div class=\"elementor-field-group elementor-column elementor-field-type-submit elementor-col-100 e-form__buttons\">\n\t\t\t\t\t<button class=\"elementor-button elementor-size-sm\" type=\"submit\">\n\t\t\t\t\t\t<span class=\"elementor-button-content-wrapper\">\n\t\t\t\t\t\t\t\t\t\t\t\t\t\t\t\t\t\t\t\t\t\t<span class=\"elementor-button-text\">Envoyer<\/span>\n\t\t\t\t\t\t\t\t\t\t\t\t\t<\/span>\n\t\t\t\t\t<\/button>\n\t\t\t\t<\/div>\n\t\t\t<\/div>\n\t\t<\/form>\n\t\t\t\t\t\t<\/div>\n\t\t\t\t<\/div>\n\t\t\t\t\t<\/div>\n\t\t\t\t<\/div>\n\t\t\t\t<\/div>\n\t\t","protected":false},"excerpt":{"rendered":"<p>Flor de Cerezo Tango et danse adapt\u00e9e Bouger ensemble, c\u2019est se d\u00e9couvrir autrement Cours de tango Pour couple, leader seul.e, follower seul.e du niveau d\u00e9butant \u00e0 avanc\u00e9. Cours techniques et embellissements Danse adapt\u00e9e Pour personnes en situation de handicap et personnes \u00e2g\u00e9es \u00c9v\u00e8nementiel Tango \u00a0Initiations et d\u00e9monstrations de tango argentin pour vos \u00e9v\u00e9nements priv\u00e9s ou [&hellip;]<\/p>\n","protected":false},"author":1,"featured_media":0,"parent":0,"menu_order":0,"comment_status":"closed","ping_status":"closed","template":"","meta":{"footnotes":""},"class_list":["post-7","page","type-page","status-publish","hentry"],"_links":{"self":[{"href":"https:\/\/flordecerezodanse.fr\/index.php\/wp-json\/wp\/v2\/pages\/7","targetHints":{"allow":["GET"]}}],"collection":[{"href":"https:\/\/flordecerezodanse.fr\/index.php\/wp-json\/wp\/v2\/pages"}],"about":[{"href":"https:\/\/flordecerezodanse.fr\/index.php\/wp-json\/wp\/v2\/types\/page"}],"author":[{"embeddable":true,"href":"https:\/\/flordecerezodanse.fr\/index.php\/wp-json\/wp\/v2\/users\/1"}],"replies":[{"embeddable":true,"href":"https:\/\/flordecerezodanse.fr\/index.php\/wp-json\/wp\/v2\/comments?post=7"}],"version-history":[{"count":106,"href":"https:\/\/flordecerezodanse.fr\/index.php\/wp-json\/wp\/v2\/pages\/7\/revisions"}],"predecessor-version":[{"id":209,"href":"https:\/\/flordecerezodanse.fr\/index.php\/wp-json\/wp\/v2\/pages\/7\/revisions\/209"}],"wp:attachment":[{"href":"https:\/\/flordecerezodanse.fr\/index.php\/wp-json\/wp\/v2\/media?parent=7"}],"curies":[{"name":"wp","href":"https:\/\/api.w.org\/{rel}","templated":true}]}}